{"id":89,"date":"2017-02-28T19:02:12","date_gmt":"2017-02-28T18:02:12","guid":{"rendered":"http:\/\/preview.ccostat.fr:2184\/?page_id=89"},"modified":"2017-04-20T10:11:15","modified_gmt":"2017-04-20T08:11:15","slug":"a-propos","status":"publish","type":"page","link":"https:\/\/www.ccostat.fr\/index.php\/a-propos\/","title":{"rendered":"A Propos"},"content":{"rendered":"<p>La m\u00e9thodologie de calcul a \u00e9t\u00e9 mise au point par <strong>Mr Serge Bellut<\/strong>. Il a \u00e9t\u00e9 chef du d\u00e9partement M\u00e9thodes Avanc\u00e9es de Management de Projet, puis Expert Senior de la Direction, au Centre National d\u2019Etudes Spatiales pendant 34 ans.<\/p>\n<p>Serge BELLUT enseigne les diff\u00e9rentes m\u00e9thodes du Management par la Valeur dans plusieurs mast\u00e8res sp\u00e9cialis\u00e9s de Grandes \u00c9coles Parisiennes ainsi que l\u2019estimation des co\u00fbts industriels \u00e0 l\u2019Universit\u00e9 Paris IX Dauphine depuis 1985.<\/p>\n<p>Vous trouverez de plus amples pr\u00e9cisions sur le Management de projet et l\u2019assurance de la qualit\u00e9, faisant une tr\u00e8s large part \u00e0 l\u2019estimation pr\u00e9visionnelle des co\u00fbts, dans les ouvrages publi\u00e9s par Mr BELLUT dont les titres sont les suivants :<\/p>\n<ul>\n<li>\u00ab La comp\u00e9titivit\u00e9 par la ma\u00eetrise des co\u00fbts &#8211; Conception \u00e0 Co\u00fbt Objectif et Analyse de la Valeur \u00bb (Afnor \u00e9ditions -1990) ;<\/li>\n<li>\u00ab Estimer le co\u00fbt d&rsquo;un projet \u00bb (M\u00e9mento, Afnor, collection \u00e0 savoir 1995 et 2\u00e8me \u00e9dition 2002) ;<\/li>\n<li>\u00ab Les processus de la d\u00e9cision &#8211; D\u00e9marches, m\u00e9thodes et outils \u00bb (Afnor \u00e9ditions &#8211; 2002) ;<\/li>\n<li>\u00ab Les processus de la conception &#8211; ISO 9000 et performance \u00bb\u00a0 (Afnor \u00e9dition &#8211; 2004) ;<\/li>\n<li>\u00ab Ma\u00eetriser les co\u00fbts d&rsquo;un projet &#8211; Le management par la valeur \u00bb (Afnor &#8211; 3\u00e8me \u00e9dition 2006) ;<\/li>\n<li>\u00ab Pourquoi \u00e7\u00e0 ne marche pas &#8211; \u00c9liminer les racines du mal \u00bb (Afnor \u00e9ditions &#8211; 2006) ;<\/li>\n<li>\u00ab S&rsquo;auditer pour progresser \u00bb (Ellipses optimum pratique &#8211; 2008) ;<\/li>\n<li>\u00ab Aider \u00e0 d\u00e9cider \u00bb (Afnor \u00e9ditions -2010).<\/li>\n<\/ul>\n<p>Le logiciel CCOStat est d\u00e9velopp\u00e9 et distribu\u00e9 par la soci\u00e9t\u00e9 <strong>Axone Industries.<br \/>\n<\/strong>Responsable du projet :<strong> Alexandre DUBOIS.<br \/>\n<\/strong><\/p>\n<p align=\"right\"><script type=\"IN\/MemberProfile\" data-id=\"https:\/\/www.linkedin.com\/in\/alexandre-dubois-53901498\" data-format=\"inline\" data-related=\"false\"><\/script><script src=\"\/\/platform.linkedin.com\/in.js\" type=\"text\/javascript\"><\/script><\/p>\n","protected":false},"excerpt":{"rendered":"<p>La m\u00e9thodologie de calcul a \u00e9t\u00e9 mise au point par Mr Serge Bellut. Il a \u00e9t\u00e9 chef du d\u00e9partement M\u00e9thodes Avanc\u00e9es de Management de Projet, puis Expert Senior de la Direction, au Centre National d\u2019Etudes Spatiales pendant 34 ans. Serge &hellip; <a href=\"https:\/\/www.ccostat.fr\/index.php\/a-propos\/\">Continuer la lecture <span class=\"meta-nav\">&rarr;<\/span><\/a><\/p>\n","protected":false},"author":1,"featured_media":0,"parent":0,"menu_order":0,"comment_status":"closed","ping_status":"closed","template":"","meta":[],"yoast_head":"<!-- This site is optimized with the Yoast SEO plugin v17.1 - https:\/\/yoast.com\/wordpress\/plugins\/seo\/ -->\n<title>CCOStat<\/title>\n<meta name=\"robots\" content=\"index, follow, max-snippet:-1, max-image-preview:large, max-video-preview:-1\" \/>\n<link rel=\"canonical\" href=\"https:\/\/www.ccostat.fr\/index.php\/a-propos\/\" \/>\n<meta property=\"og:locale\" content=\"fr_FR\" \/>\n<meta property=\"og:type\" content=\"article\" \/>\n<meta property=\"og:title\" content=\"CCOStat\" \/>\n<meta property=\"og:description\" content=\"La m\u00e9thodologie de calcul a \u00e9t\u00e9 mise au point par Mr Serge Bellut. Il a \u00e9t\u00e9 chef du d\u00e9partement M\u00e9thodes Avanc\u00e9es de Management de Projet, puis Expert Senior de la Direction, au Centre National d\u2019Etudes Spatiales pendant 34 ans. Serge &hellip; Continuer la lecture &rarr;\" \/>\n<meta property=\"og:url\" content=\"https:\/\/www.ccostat.fr\/index.php\/a-propos\/\" \/>\n<meta property=\"og:site_name\" content=\"CCOStat\" \/>\n<meta property=\"article:modified_time\" content=\"2017-04-20T08:11:15+00:00\" \/>\n<meta name=\"twitter:card\" content=\"summary\" \/>\n<meta name=\"twitter:label1\" content=\"Dur\u00e9e de lecture est.\" \/>\n\t<meta name=\"twitter:data1\" content=\"1 minute\" \/>\n<script type=\"application\/ld+json\" class=\"yoast-schema-graph\">{\"@context\":\"https:\/\/schema.org\",\"@graph\":[{\"@type\":\"Organization\",\"@id\":\"http:\/\/www.ccostat.fr\/#organization\",\"name\":\"AXONE Industries\",\"url\":\"http:\/\/www.ccostat.fr\/\",\"sameAs\":[],\"logo\":{\"@type\":\"ImageObject\",\"@id\":\"http:\/\/www.ccostat.fr\/#logo\",\"inLanguage\":\"fr-FR\",\"url\":\"http:\/\/www.ccostat.fr\/wp-content\/uploads\/2017\/03\/axone.png\",\"contentUrl\":\"http:\/\/www.ccostat.fr\/wp-content\/uploads\/2017\/03\/axone.png\",\"width\":558,\"height\":390,\"caption\":\"AXONE Industries\"},\"image\":{\"@id\":\"http:\/\/www.ccostat.fr\/#logo\"}},{\"@type\":\"WebSite\",\"@id\":\"http:\/\/www.ccostat.fr\/#website\",\"url\":\"http:\/\/www.ccostat.fr\/\",\"name\":\"CCOStat\",\"description\":\"Logiciel d&#039;estimation de co\\u00fbts\",\"publisher\":{\"@id\":\"http:\/\/www.ccostat.fr\/#organization\"},\"potentialAction\":[{\"@type\":\"SearchAction\",\"target\":{\"@type\":\"EntryPoint\",\"urlTemplate\":\"http:\/\/www.ccostat.fr\/?s={search_term_string}\"},\"query-input\":\"required name=search_term_string\"}],\"inLanguage\":\"fr-FR\"},{\"@type\":\"WebPage\",\"@id\":\"https:\/\/www.ccostat.fr\/index.php\/a-propos\/#webpage\",\"url\":\"https:\/\/www.ccostat.fr\/index.php\/a-propos\/\",\"name\":\"CCOStat\",\"isPartOf\":{\"@id\":\"http:\/\/www.ccostat.fr\/#website\"},\"datePublished\":\"2017-02-28T18:02:12+00:00\",\"dateModified\":\"2017-04-20T08:11:15+00:00\",\"breadcrumb\":{\"@id\":\"https:\/\/www.ccostat.fr\/index.php\/a-propos\/#breadcrumb\"},\"inLanguage\":\"fr-FR\",\"potentialAction\":[{\"@type\":\"ReadAction\",\"target\":[\"https:\/\/www.ccostat.fr\/index.php\/a-propos\/\"]}]},{\"@type\":\"BreadcrumbList\",\"@id\":\"https:\/\/www.ccostat.fr\/index.php\/a-propos\/#breadcrumb\",\"itemListElement\":[{\"@type\":\"ListItem\",\"position\":1,\"name\":\"Accueil\",\"item\":\"http:\/\/www.ccostat.fr\/\"},{\"@type\":\"ListItem\",\"position\":2,\"name\":\"A Propos\"}]}]}<\/script>\n<!-- \/ Yoast SEO plugin. -->","yoast_head_json":{"title":"CCOStat","robots":{"index":"index","follow":"follow","max-snippet":"max-snippet:-1","max-image-preview":"max-image-preview:large","max-video-preview":"max-video-preview:-1"},"canonical":"https:\/\/www.ccostat.fr\/index.php\/a-propos\/","og_locale":"fr_FR","og_type":"article","og_title":"CCOStat","og_description":"La m\u00e9thodologie de calcul a \u00e9t\u00e9 mise au point par Mr Serge Bellut. Il a \u00e9t\u00e9 chef du d\u00e9partement M\u00e9thodes Avanc\u00e9es de Management de Projet, puis Expert Senior de la Direction, au Centre National d\u2019Etudes Spatiales pendant 34 ans. Serge &hellip; Continuer la lecture &rarr;","og_url":"https:\/\/www.ccostat.fr\/index.php\/a-propos\/","og_site_name":"CCOStat","article_modified_time":"2017-04-20T08:11:15+00:00","twitter_card":"summary","twitter_misc":{"Dur\u00e9e de lecture est.":"1 minute"},"schema":{"@context":"https:\/\/schema.org","@graph":[{"@type":"Organization","@id":"http:\/\/www.ccostat.fr\/#organization","name":"AXONE Industries","url":"http:\/\/www.ccostat.fr\/","sameAs":[],"logo":{"@type":"ImageObject","@id":"http:\/\/www.ccostat.fr\/#logo","inLanguage":"fr-FR","url":"http:\/\/www.ccostat.fr\/wp-content\/uploads\/2017\/03\/axone.png","contentUrl":"http:\/\/www.ccostat.fr\/wp-content\/uploads\/2017\/03\/axone.png","width":558,"height":390,"caption":"AXONE Industries"},"image":{"@id":"http:\/\/www.ccostat.fr\/#logo"}},{"@type":"WebSite","@id":"http:\/\/www.ccostat.fr\/#website","url":"http:\/\/www.ccostat.fr\/","name":"CCOStat","description":"Logiciel d&#039;estimation de co\u00fbts","publisher":{"@id":"http:\/\/www.ccostat.fr\/#organization"},"potentialAction":[{"@type":"SearchAction","target":{"@type":"EntryPoint","urlTemplate":"http:\/\/www.ccostat.fr\/?s={search_term_string}"},"query-input":"required name=search_term_string"}],"inLanguage":"fr-FR"},{"@type":"WebPage","@id":"https:\/\/www.ccostat.fr\/index.php\/a-propos\/#webpage","url":"https:\/\/www.ccostat.fr\/index.php\/a-propos\/","name":"CCOStat","isPartOf":{"@id":"http:\/\/www.ccostat.fr\/#website"},"datePublished":"2017-02-28T18:02:12+00:00","dateModified":"2017-04-20T08:11:15+00:00","breadcrumb":{"@id":"https:\/\/www.ccostat.fr\/index.php\/a-propos\/#breadcrumb"},"inLanguage":"fr-FR","potentialAction":[{"@type":"ReadAction","target":["https:\/\/www.ccostat.fr\/index.php\/a-propos\/"]}]},{"@type":"BreadcrumbList","@id":"https:\/\/www.ccostat.fr\/index.php\/a-propos\/#breadcrumb","itemListElement":[{"@type":"ListItem","position":1,"name":"Accueil","item":"http:\/\/www.ccostat.fr\/"},{"@type":"ListItem","position":2,"name":"A Propos"}]}]}},"_links":{"self":[{"href":"https:\/\/www.ccostat.fr\/index.php\/wp-json\/wp\/v2\/pages\/89"}],"collection":[{"href":"https:\/\/www.ccostat.fr\/index.php\/wp-json\/wp\/v2\/pages"}],"about":[{"href":"https:\/\/www.ccostat.fr\/index.php\/wp-json\/wp\/v2\/types\/page"}],"author":[{"embeddable":true,"href":"https:\/\/www.ccostat.fr\/index.php\/wp-json\/wp\/v2\/users\/1"}],"replies":[{"embeddable":true,"href":"https:\/\/www.ccostat.fr\/index.php\/wp-json\/wp\/v2\/comments?post=89"}],"version-history":[{"count":14,"href":"https:\/\/www.ccostat.fr\/index.php\/wp-json\/wp\/v2\/pages\/89\/revisions"}],"predecessor-version":[{"id":178,"href":"https:\/\/www.ccostat.fr\/index.php\/wp-json\/wp\/v2\/pages\/89\/revisions\/178"}],"wp:attachment":[{"href":"https:\/\/www.ccostat.fr\/index.php\/wp-json\/wp\/v2\/media?parent=89"}],"curies":[{"name":"wp","href":"https:\/\/api.w.org\/{rel}","templated":true}]}}