{"id":86,"date":"2017-02-28T18:56:51","date_gmt":"2017-02-28T17:56:51","guid":{"rendered":"http:\/\/preview.ccostat.fr:2184\/?page_id=86"},"modified":"2017-03-08T10:08:13","modified_gmt":"2017-03-08T09:08:13","slug":"modules-complementaires","status":"publish","type":"page","link":"https:\/\/www.ccostat.fr\/index.php\/modules-complementaires\/","title":{"rendered":"Modules compl\u00e9mentaires :"},"content":{"rendered":"<h1><strong>Effet de la courbe d&rsquo;apprentissage en production continue :<\/strong><\/h1>\n<p>Ce module utilise la loi de Wright, encore appel\u00e9e loi de Boeing, pour l&rsquo;effet de la courbe d&rsquo;apprentissage en production continue. Cette loi de la nature, dans le domaine des co\u00fbts, est valable dans le contexte suivant pour toute sorte d\u2019op\u00e9rations r\u00e9p\u00e9titives (essentiellement fabrication et maintenance pr\u00e9ventive) :<\/p>\n<ul>\n<li>\u00a0produit inchang\u00e9 (pas de modifications substantielles en cours de fabrication),<\/li>\n<li>\u00a0postes de travail et outillages inchang\u00e9s,<\/li>\n<li>\u00a0op\u00e9rateurs inchang\u00e9s (ou ayant le m\u00eame niveau de qualification).<\/li>\n<\/ul>\n<p>Les observations industrielles ont alors montr\u00e9 que :<\/p>\n<ul>\n<li>\u00a0le temps n\u00e9cessaire \u00e0 l&rsquo;ex\u00e9cution d&rsquo;un travail d\u00e9termin\u00e9 diminue \u00e0 chaque fois que l&rsquo;op\u00e9rateur passe d&rsquo;une unit\u00e9 \u00e0 la suivante, gr\u00e2ce \u00e0 l\u2019accoutumance qu\u2019il acquiert,<\/li>\n<li>\u00a0le gain de temps existe toujours mais s&rsquo;amortit \u00e0 chaque fois que l&rsquo;op\u00e9rateur passe d&rsquo;une unit\u00e9 \u00e0 la suivante,<\/li>\n<li>\u00a0les diminutions des temps sont diff\u00e9rentes selon la nature des travaux effectu\u00e9s. N\u00e9anmoins, une constante g\u00e9n\u00e9rique, appel\u00e9e coefficient global d&rsquo;apprentissage (kg) peut \u00eatre identifi\u00e9e. Sa valeur num\u00e9rique est fonction du type de produit et de son proc\u00e9d\u00e9 de r\u00e9alisation. Il existe donc une infinit\u00e9 de courbes d\u2019apprentissage correspondant \u00e0 une famille param\u00e9trable par couple produit\/proc\u00e9d\u00e9.<\/li>\n<\/ul>\n<p>La constante d\u2019apprentissage est telle que C(2i) = kg x C(i) en appelant \u00ab C \u00bb le co\u00fbt (ou le prix) de l\u2019unit\u00e9 travaill\u00e9e et \u00ab i \u00bb son rang, c&rsquo;est-\u00e0-dire son num\u00e9ro de sortie par rapport au d\u00e9but de l\u2019activit\u00e9. Ceci revient \u00e0 dire que le co\u00fbt de production est multipli\u00e9 par kg lorsque le rang de production est doubl\u00e9.<\/p>\n<p>Un module de calcul du Kg est \u00e9galement disponible.<\/p>\n<p><img loading=\"lazy\" class=\"alignnone size-full wp-image-108\" src=\"http:\/\/www.ccostat.fr\/wp-content\/uploads\/2017\/02\/Capture-4.png\" alt=\"\" width=\"633\" height=\"408\" srcset=\"https:\/\/www.ccostat.fr\/wp-content\/uploads\/2017\/02\/Capture-4.png 633w, https:\/\/www.ccostat.fr\/wp-content\/uploads\/2017\/02\/Capture-4-300x193.png 300w, https:\/\/www.ccostat.fr\/wp-content\/uploads\/2017\/02\/Capture-4-465x300.png 465w\" sizes=\"(max-width: 633px) 100vw, 633px\" \/><\/p>\n<h1>Effet de la variation de cadence de fabrication :<\/h1>\n<p>Le logiciel calcule imm\u00e9diatement l&rsquo;effet sur le co\u00fbt d&rsquo;une variation de la cadence par rapport \u00e0 la cadence optimale retenue pour les investissements n\u00e9cessaires \u00e0 la cha\u00eene de production.<\/p>\n<p>L&rsquo;utilisateur donnera les informations suivantes en fonction de la boite de dialogue qu\u2019il activera selon les 8 possibilit\u00e9s rencontr\u00e9es en pratique :<\/p>\n<ul>\n<li>\u00a0pourcentage des charges de structures (indirectes et fixes) dans le co\u00fbt complet de revient par unit\u00e9 (ou dans le prix de vente). Elle est exprim\u00e9e en pourcentage et se r\u00e9f\u00e8re \u00e0 la cadence optimale de fabrication ;<\/li>\n<li>\u00a0niveau d\u2019activit\u00e9 sur la chaine d\u2019op\u00e9rations. C\u2019est le rapport entre la cadence r\u00e9elle et la cadence optimale en pourcentage. Le chiffre peut \u00eatre inf\u00e9rieur ou sup\u00e9rieur \u00e0 100% selon le niveau d&rsquo;activit\u00e9 de la ligne de production,<\/li>\n<li>\u00a0un effet de seuil est atteint ou non sur les charges de structures indirectes et fixes,<\/li>\n<li>\u00a0si oui de combien les charges de structure \u00e9voluent elles en pourcentage,<\/li>\n<li>\u00a0la main d\u2019\u0153uvre directe est mensualis\u00e9e ou non sur la cha\u00eene de production,<\/li>\n<li>\u00a0si la main d\u2019\u0153uvre est mensualis\u00e9e, quel est le pourcentage de cette main d\u2019\u0153uvre directe dans la valorisation du produit \u00e0 cadence optimale,<\/li>\n<li>\u00a0s\u2019il y a des heures suppl\u00e9mentaires du personnel, \u00e0 combien ces heures sont elles bonifi\u00e9es en pourcentage du salaire de base.<\/li>\n<\/ul>\n<p>La prise en compte de l&rsquo;effet de seuil permet \u00e0 un certain moment d&rsquo;ajuster les charges indirectes et fixes \u00e0 l&rsquo;activit\u00e9 r\u00e9elle de la cha\u00eene de production (c&rsquo;est-\u00e0-dire la cadence). Dans ce cas, cliquer sur \u00ab\u00a0effet de seuil actif\u00a0\u00bb ce qui ouvre une nouvelle fen\u00eatre. L&rsquo;utilisateur pourra choisir entre :<\/p>\n<ul>\n<li>\u00a0r\u00e9duction des charges de structures pour ajuster l&rsquo;outil de production \u00e0 la sous-activit\u00e9, existante et jug\u00e9e durable,<\/li>\n<li>\u00a0augmentation des charges de structures pour ajuster l&rsquo;outil de production \u00e0 la sur-activit\u00e9, constat\u00e9e et consid\u00e9r\u00e9e comme durable,<\/li>\n<\/ul>\n<p>L&rsquo;utilisateur indiquera alors le pourcentage d&rsquo;ajustement possible de ces charges de structures indirectes et fixes.<\/p>\n<p>Le r\u00e9sultat : co\u00fbt unitaire \u00e0 cadence r\u00e9elle \/ co\u00fbt unitaire \u00e0 cadence optimale appara\u00eet imm\u00e9diatement en bas de la boite de dialogue. Le r\u00e9sultat peut-\u00eatre sup\u00e9rieur ou inf\u00e9rieur \u00e0 1 selon la situation rencontr\u00e9e.<\/p>\n<p><img loading=\"lazy\" class=\"alignnone size-full wp-image-110\" src=\"http:\/\/www.ccostat.fr\/wp-content\/uploads\/2017\/02\/Capture-5.png\" alt=\"\" width=\"639\" height=\"552\" srcset=\"https:\/\/www.ccostat.fr\/wp-content\/uploads\/2017\/02\/Capture-5.png 639w, https:\/\/www.ccostat.fr\/wp-content\/uploads\/2017\/02\/Capture-5-300x259.png 300w, https:\/\/www.ccostat.fr\/wp-content\/uploads\/2017\/02\/Capture-5-347x300.png 347w\" sizes=\"(max-width: 639px) 100vw, 639px\" \/><\/p>\n<h1>Ma\u00eetrise des risques \/ Int\u00e9gration\u00a0de sous-syst\u00e8mes :<\/h1>\n<p>Le but de ce module est d\u2019agr\u00e9ger des sous syst\u00e8mes, encore appel\u00e9s indiff\u00e9remment par les praticiens : des composants, des t\u00e2ches, des sous-ensembles ; dont les caract\u00e9ristiques sont connues, afin d\u2019\u00e9valuer les caract\u00e9ristiques du syst\u00e8me complet.<\/p>\n<p>Il s\u2019agit d\u2019analyser les risques au niveau de l\u2019int\u00e9gration pour ma\u00eetriser les al\u00e9as \u00e9l\u00e9mentaires qui eux sont connus.<\/p>\n<p>Les diagrammes de CCOStat4 permettent de repr\u00e9senter graphiquement les sous syst\u00e8mes au sein d\u2019un processus, afin de pouvoir \u00e9valuer le co\u00fbt global d\u2019un syst\u00e8me \u00e0 partir des plages de co\u00fbts des sous-syst\u00e8mes.<\/p>\n<p><img loading=\"lazy\" class=\"alignnone size-full wp-image-112\" src=\"http:\/\/www.ccostat.fr\/wp-content\/uploads\/2017\/02\/Capture-6.png\" alt=\"\" width=\"738\" height=\"421\" srcset=\"https:\/\/www.ccostat.fr\/wp-content\/uploads\/2017\/02\/Capture-6.png 738w, https:\/\/www.ccostat.fr\/wp-content\/uploads\/2017\/02\/Capture-6-300x171.png 300w, https:\/\/www.ccostat.fr\/wp-content\/uploads\/2017\/02\/Capture-6-500x285.png 500w\" sizes=\"(max-width: 738px) 100vw, 738px\" \/><\/p>\n<p><img loading=\"lazy\" class=\"alignnone size-full wp-image-113\" src=\"http:\/\/www.ccostat.fr\/wp-content\/uploads\/2017\/02\/Capture-7.png\" alt=\"\" width=\"745\" height=\"429\" srcset=\"https:\/\/www.ccostat.fr\/wp-content\/uploads\/2017\/02\/Capture-7.png 745w, https:\/\/www.ccostat.fr\/wp-content\/uploads\/2017\/02\/Capture-7-300x173.png 300w, https:\/\/www.ccostat.fr\/wp-content\/uploads\/2017\/02\/Capture-7-500x288.png 500w\" sizes=\"(max-width: 745px) 100vw, 745px\" \/><\/p>\n","protected":false},"excerpt":{"rendered":"<p>Effet de la courbe d&rsquo;apprentissage en production continue : Ce module utilise la loi de Wright, encore appel\u00e9e loi de Boeing, pour l&rsquo;effet de la courbe d&rsquo;apprentissage en production continue. Cette loi de la nature, dans le domaine des co\u00fbts, &hellip; <a href=\"https:\/\/www.ccostat.fr\/index.php\/modules-complementaires\/\">Continuer la lecture <span class=\"meta-nav\">&rarr;<\/span><\/a><\/p>\n","protected":false},"author":1,"featured_media":0,"parent":0,"menu_order":0,"comment_status":"closed","ping_status":"closed","template":"","meta":[],"yoast_head":"<!-- This site is optimized with the Yoast SEO plugin v17.1 - https:\/\/yoast.com\/wordpress\/plugins\/seo\/ -->\n<title>CCOStat<\/title>\n<meta name=\"robots\" content=\"index, follow, max-snippet:-1, max-image-preview:large, max-video-preview:-1\" \/>\n<link rel=\"canonical\" href=\"http:\/\/www.ccostat.fr\/index.php\/modules-complementaires\/\" \/>\n<meta property=\"og:locale\" content=\"fr_FR\" \/>\n<meta property=\"og:type\" content=\"article\" \/>\n<meta property=\"og:title\" content=\"CCOStat\" \/>\n<meta property=\"og:description\" content=\"Effet de la courbe d&rsquo;apprentissage en production continue : Ce module utilise la loi de Wright, encore appel\u00e9e loi de Boeing, pour l&rsquo;effet de la courbe d&rsquo;apprentissage en production continue. Cette loi de la nature, dans le domaine des co\u00fbts, &hellip; Continuer la lecture &rarr;\" \/>\n<meta property=\"og:url\" content=\"http:\/\/www.ccostat.fr\/index.php\/modules-complementaires\/\" \/>\n<meta property=\"og:site_name\" content=\"CCOStat\" \/>\n<meta property=\"article:modified_time\" content=\"2017-03-08T09:08:13+00:00\" \/>\n<meta property=\"og:image\" content=\"http:\/\/www.ccostat.fr\/wp-content\/uploads\/2017\/02\/Capture-4.png\" \/>\n<meta name=\"twitter:card\" content=\"summary\" \/>\n<meta name=\"twitter:label1\" content=\"Dur\u00e9e de lecture est.\" \/>\n\t<meta name=\"twitter:data1\" content=\"4 minutes\" \/>\n<script type=\"application\/ld+json\" class=\"yoast-schema-graph\">{\"@context\":\"https:\/\/schema.org\",\"@graph\":[{\"@type\":\"Organization\",\"@id\":\"http:\/\/www.ccostat.fr\/#organization\",\"name\":\"AXONE Industries\",\"url\":\"http:\/\/www.ccostat.fr\/\",\"sameAs\":[],\"logo\":{\"@type\":\"ImageObject\",\"@id\":\"http:\/\/www.ccostat.fr\/#logo\",\"inLanguage\":\"fr-FR\",\"url\":\"http:\/\/www.ccostat.fr\/wp-content\/uploads\/2017\/03\/axone.png\",\"contentUrl\":\"http:\/\/www.ccostat.fr\/wp-content\/uploads\/2017\/03\/axone.png\",\"width\":558,\"height\":390,\"caption\":\"AXONE Industries\"},\"image\":{\"@id\":\"http:\/\/www.ccostat.fr\/#logo\"}},{\"@type\":\"WebSite\",\"@id\":\"http:\/\/www.ccostat.fr\/#website\",\"url\":\"http:\/\/www.ccostat.fr\/\",\"name\":\"CCOStat\",\"description\":\"Logiciel d&#039;estimation de co\\u00fbts\",\"publisher\":{\"@id\":\"http:\/\/www.ccostat.fr\/#organization\"},\"potentialAction\":[{\"@type\":\"SearchAction\",\"target\":{\"@type\":\"EntryPoint\",\"urlTemplate\":\"http:\/\/www.ccostat.fr\/?s={search_term_string}\"},\"query-input\":\"required name=search_term_string\"}],\"inLanguage\":\"fr-FR\"},{\"@type\":\"ImageObject\",\"@id\":\"http:\/\/www.ccostat.fr\/index.php\/modules-complementaires\/#primaryimage\",\"inLanguage\":\"fr-FR\",\"url\":\"http:\/\/www.ccostat.fr\/wp-content\/uploads\/2017\/02\/Capture-4.png\",\"contentUrl\":\"http:\/\/www.ccostat.fr\/wp-content\/uploads\/2017\/02\/Capture-4.png\"},{\"@type\":\"WebPage\",\"@id\":\"http:\/\/www.ccostat.fr\/index.php\/modules-complementaires\/#webpage\",\"url\":\"http:\/\/www.ccostat.fr\/index.php\/modules-complementaires\/\",\"name\":\"CCOStat\",\"isPartOf\":{\"@id\":\"http:\/\/www.ccostat.fr\/#website\"},\"primaryImageOfPage\":{\"@id\":\"http:\/\/www.ccostat.fr\/index.php\/modules-complementaires\/#primaryimage\"},\"datePublished\":\"2017-02-28T17:56:51+00:00\",\"dateModified\":\"2017-03-08T09:08:13+00:00\",\"breadcrumb\":{\"@id\":\"http:\/\/www.ccostat.fr\/index.php\/modules-complementaires\/#breadcrumb\"},\"inLanguage\":\"fr-FR\",\"potentialAction\":[{\"@type\":\"ReadAction\",\"target\":[\"http:\/\/www.ccostat.fr\/index.php\/modules-complementaires\/\"]}]},{\"@type\":\"BreadcrumbList\",\"@id\":\"http:\/\/www.ccostat.fr\/index.php\/modules-complementaires\/#breadcrumb\",\"itemListElement\":[{\"@type\":\"ListItem\",\"position\":1,\"name\":\"Accueil\",\"item\":\"http:\/\/www.ccostat.fr\/\"},{\"@type\":\"ListItem\",\"position\":2,\"name\":\"Modules compl\\u00e9mentaires :\"}]}]}<\/script>\n<!-- \/ Yoast SEO plugin. -->","yoast_head_json":{"title":"CCOStat","robots":{"index":"index","follow":"follow","max-snippet":"max-snippet:-1","max-image-preview":"max-image-preview:large","max-video-preview":"max-video-preview:-1"},"canonical":"http:\/\/www.ccostat.fr\/index.php\/modules-complementaires\/","og_locale":"fr_FR","og_type":"article","og_title":"CCOStat","og_description":"Effet de la courbe d&rsquo;apprentissage en production continue : Ce module utilise la loi de Wright, encore appel\u00e9e loi de Boeing, pour l&rsquo;effet de la courbe d&rsquo;apprentissage en production continue. Cette loi de la nature, dans le domaine des co\u00fbts, &hellip; Continuer la lecture &rarr;","og_url":"http:\/\/www.ccostat.fr\/index.php\/modules-complementaires\/","og_site_name":"CCOStat","article_modified_time":"2017-03-08T09:08:13+00:00","og_image":[{"url":"http:\/\/www.ccostat.fr\/wp-content\/uploads\/2017\/02\/Capture-4.png"}],"twitter_card":"summary","twitter_misc":{"Dur\u00e9e de lecture est.":"4 minutes"},"schema":{"@context":"https:\/\/schema.org","@graph":[{"@type":"Organization","@id":"http:\/\/www.ccostat.fr\/#organization","name":"AXONE Industries","url":"http:\/\/www.ccostat.fr\/","sameAs":[],"logo":{"@type":"ImageObject","@id":"http:\/\/www.ccostat.fr\/#logo","inLanguage":"fr-FR","url":"http:\/\/www.ccostat.fr\/wp-content\/uploads\/2017\/03\/axone.png","contentUrl":"http:\/\/www.ccostat.fr\/wp-content\/uploads\/2017\/03\/axone.png","width":558,"height":390,"caption":"AXONE Industries"},"image":{"@id":"http:\/\/www.ccostat.fr\/#logo"}},{"@type":"WebSite","@id":"http:\/\/www.ccostat.fr\/#website","url":"http:\/\/www.ccostat.fr\/","name":"CCOStat","description":"Logiciel d&#039;estimation de co\u00fbts","publisher":{"@id":"http:\/\/www.ccostat.fr\/#organization"},"potentialAction":[{"@type":"SearchAction","target":{"@type":"EntryPoint","urlTemplate":"http:\/\/www.ccostat.fr\/?s={search_term_string}"},"query-input":"required name=search_term_string"}],"inLanguage":"fr-FR"},{"@type":"ImageObject","@id":"http:\/\/www.ccostat.fr\/index.php\/modules-complementaires\/#primaryimage","inLanguage":"fr-FR","url":"http:\/\/www.ccostat.fr\/wp-content\/uploads\/2017\/02\/Capture-4.png","contentUrl":"http:\/\/www.ccostat.fr\/wp-content\/uploads\/2017\/02\/Capture-4.png"},{"@type":"WebPage","@id":"http:\/\/www.ccostat.fr\/index.php\/modules-complementaires\/#webpage","url":"http:\/\/www.ccostat.fr\/index.php\/modules-complementaires\/","name":"CCOStat","isPartOf":{"@id":"http:\/\/www.ccostat.fr\/#website"},"primaryImageOfPage":{"@id":"http:\/\/www.ccostat.fr\/index.php\/modules-complementaires\/#primaryimage"},"datePublished":"2017-02-28T17:56:51+00:00","dateModified":"2017-03-08T09:08:13+00:00","breadcrumb":{"@id":"http:\/\/www.ccostat.fr\/index.php\/modules-complementaires\/#breadcrumb"},"inLanguage":"fr-FR","potentialAction":[{"@type":"ReadAction","target":["http:\/\/www.ccostat.fr\/index.php\/modules-complementaires\/"]}]},{"@type":"BreadcrumbList","@id":"http:\/\/www.ccostat.fr\/index.php\/modules-complementaires\/#breadcrumb","itemListElement":[{"@type":"ListItem","position":1,"name":"Accueil","item":"http:\/\/www.ccostat.fr\/"},{"@type":"ListItem","position":2,"name":"Modules compl\u00e9mentaires :"}]}]}},"_links":{"self":[{"href":"https:\/\/www.ccostat.fr\/index.php\/wp-json\/wp\/v2\/pages\/86"}],"collection":[{"href":"https:\/\/www.ccostat.fr\/index.php\/wp-json\/wp\/v2\/pages"}],"about":[{"href":"https:\/\/www.ccostat.fr\/index.php\/wp-json\/wp\/v2\/types\/page"}],"author":[{"embeddable":true,"href":"https:\/\/www.ccostat.fr\/index.php\/wp-json\/wp\/v2\/users\/1"}],"replies":[{"embeddable":true,"href":"https:\/\/www.ccostat.fr\/index.php\/wp-json\/wp\/v2\/comments?post=86"}],"version-history":[{"count":12,"href":"https:\/\/www.ccostat.fr\/index.php\/wp-json\/wp\/v2\/pages\/86\/revisions"}],"predecessor-version":[{"id":170,"href":"https:\/\/www.ccostat.fr\/index.php\/wp-json\/wp\/v2\/pages\/86\/revisions\/170"}],"wp:attachment":[{"href":"https:\/\/www.ccostat.fr\/index.php\/wp-json\/wp\/v2\/media?parent=86"}],"curies":[{"name":"wp","href":"https:\/\/api.w.org\/{rel}","templated":true}]}}