{"id":58,"date":"2017-02-28T13:36:43","date_gmt":"2017-02-28T12:36:43","guid":{"rendered":"http:\/\/srv3:2184\/?page_id=58"},"modified":"2017-04-20T10:07:23","modified_gmt":"2017-04-20T08:07:23","slug":"generation-dun-modele","status":"publish","type":"page","link":"https:\/\/www.ccostat.fr\/index.php\/generation-dun-modele\/","title":{"rendered":"G\u00e9n\u00e9ration d&rsquo;un mod\u00e8le param\u00e9trique :"},"content":{"rendered":"<p><img loading=\"lazy\" class=\"alignright wp-image-79 size-full\" src=\"http:\/\/www.ccostat.fr\/wp-content\/uploads\/2017\/02\/Capture-1.png\" alt=\"\" width=\"489\" height=\"173\" srcset=\"https:\/\/www.ccostat.fr\/wp-content\/uploads\/2017\/02\/Capture-1.png 489w, https:\/\/www.ccostat.fr\/wp-content\/uploads\/2017\/02\/Capture-1-300x106.png 300w\" sizes=\"(max-width: 489px) 100vw, 489px\" \/>Une formule multi-param\u00e8tres, de forme adapt\u00e9e \u00e0 chaque situation rencontr\u00e9e (fonction puissance ou multilin\u00e9aire) est g\u00e9n\u00e9r\u00e9e accompagn\u00e9e des indicateurs statistiques permettant de v\u00e9rifier la qualit\u00e9 de la formule cr\u00e9\u00e9e (mod\u00e8le). Il est possible de d\u00e9sactiver temporairement un ou plusieurs param\u00e8tres, ou un ou plusieurs projets afin d\u2019effectuer diff\u00e9rentes simulations.<br \/>\nLe logiciel calcule automatiquement le (ou les) projet(s) de moindre coh\u00e9rence afin de v\u00e9rifier qu\u2019il n\u2019y a aucun risque de biais dans le mod\u00e8le.<\/p>\n<p><strong>3\u00e8me \u00e9tape<\/strong> : <a href=\"http:\/\/www.ccostat.fr\/index.php\/estimation\/\">Estimation d&rsquo;un nouveau projet<\/a><\/p>\n","protected":false},"excerpt":{"rendered":"<p>Une formule multi-param\u00e8tres, de forme adapt\u00e9e \u00e0 chaque situation rencontr\u00e9e (fonction puissance ou multilin\u00e9aire) est g\u00e9n\u00e9r\u00e9e accompagn\u00e9e des indicateurs statistiques permettant de v\u00e9rifier la qualit\u00e9 de la formule cr\u00e9\u00e9e (mod\u00e8le). Il est possible de d\u00e9sactiver temporairement un ou plusieurs param\u00e8tres, &hellip; <a href=\"https:\/\/www.ccostat.fr\/index.php\/generation-dun-modele\/\">Continuer la lecture <span class=\"meta-nav\">&rarr;<\/span><\/a><\/p>\n","protected":false},"author":1,"featured_media":79,"parent":0,"menu_order":0,"comment_status":"closed","ping_status":"closed","template":"","meta":[],"yoast_head":"<!-- This site is optimized with the Yoast SEO plugin v17.1 - https:\/\/yoast.com\/wordpress\/plugins\/seo\/ -->\n<title>CCOStat<\/title>\n<meta name=\"robots\" content=\"index, follow, max-snippet:-1, max-image-preview:large, max-video-preview:-1\" \/>\n<link rel=\"canonical\" href=\"https:\/\/www.ccostat.fr\/index.php\/generation-dun-modele\/\" \/>\n<meta property=\"og:locale\" content=\"fr_FR\" \/>\n<meta property=\"og:type\" content=\"article\" \/>\n<meta property=\"og:title\" content=\"CCOStat\" \/>\n<meta property=\"og:description\" content=\"Une formule multi-param\u00e8tres, de forme adapt\u00e9e \u00e0 chaque situation rencontr\u00e9e (fonction puissance ou multilin\u00e9aire) est g\u00e9n\u00e9r\u00e9e accompagn\u00e9e des indicateurs statistiques permettant de v\u00e9rifier la qualit\u00e9 de la formule cr\u00e9\u00e9e (mod\u00e8le). Il est possible de d\u00e9sactiver temporairement un ou plusieurs param\u00e8tres, &hellip; Continuer la lecture &rarr;\" \/>\n<meta property=\"og:url\" content=\"https:\/\/www.ccostat.fr\/index.php\/generation-dun-modele\/\" \/>\n<meta property=\"og:site_name\" content=\"CCOStat\" \/>\n<meta property=\"article:modified_time\" content=\"2017-04-20T08:07:23+00:00\" \/>\n<meta property=\"og:image\" content=\"http:\/\/www.ccostat.fr\/wp-content\/uploads\/2017\/02\/Capture-1.png\" \/>\n\t<meta property=\"og:image:width\" content=\"489\" \/>\n\t<meta property=\"og:image:height\" content=\"173\" \/>\n<meta name=\"twitter:card\" content=\"summary\" \/>\n<script type=\"application\/ld+json\" class=\"yoast-schema-graph\">{\"@context\":\"https:\/\/schema.org\",\"@graph\":[{\"@type\":\"Organization\",\"@id\":\"http:\/\/www.ccostat.fr\/#organization\",\"name\":\"AXONE Industries\",\"url\":\"http:\/\/www.ccostat.fr\/\",\"sameAs\":[],\"logo\":{\"@type\":\"ImageObject\",\"@id\":\"http:\/\/www.ccostat.fr\/#logo\",\"inLanguage\":\"fr-FR\",\"url\":\"http:\/\/www.ccostat.fr\/wp-content\/uploads\/2017\/03\/axone.png\",\"contentUrl\":\"http:\/\/www.ccostat.fr\/wp-content\/uploads\/2017\/03\/axone.png\",\"width\":558,\"height\":390,\"caption\":\"AXONE Industries\"},\"image\":{\"@id\":\"http:\/\/www.ccostat.fr\/#logo\"}},{\"@type\":\"WebSite\",\"@id\":\"http:\/\/www.ccostat.fr\/#website\",\"url\":\"http:\/\/www.ccostat.fr\/\",\"name\":\"CCOStat\",\"description\":\"Logiciel d&#039;estimation de co\\u00fbts\",\"publisher\":{\"@id\":\"http:\/\/www.ccostat.fr\/#organization\"},\"potentialAction\":[{\"@type\":\"SearchAction\",\"target\":{\"@type\":\"EntryPoint\",\"urlTemplate\":\"http:\/\/www.ccostat.fr\/?s={search_term_string}\"},\"query-input\":\"required name=search_term_string\"}],\"inLanguage\":\"fr-FR\"},{\"@type\":\"ImageObject\",\"@id\":\"https:\/\/www.ccostat.fr\/index.php\/generation-dun-modele\/#primaryimage\",\"inLanguage\":\"fr-FR\",\"url\":\"https:\/\/www.ccostat.fr\/wp-content\/uploads\/2017\/02\/Capture-1.png\",\"contentUrl\":\"https:\/\/www.ccostat.fr\/wp-content\/uploads\/2017\/02\/Capture-1.png\",\"width\":489,\"height\":173},{\"@type\":\"WebPage\",\"@id\":\"https:\/\/www.ccostat.fr\/index.php\/generation-dun-modele\/#webpage\",\"url\":\"https:\/\/www.ccostat.fr\/index.php\/generation-dun-modele\/\",\"name\":\"CCOStat\",\"isPartOf\":{\"@id\":\"http:\/\/www.ccostat.fr\/#website\"},\"primaryImageOfPage\":{\"@id\":\"https:\/\/www.ccostat.fr\/index.php\/generation-dun-modele\/#primaryimage\"},\"datePublished\":\"2017-02-28T12:36:43+00:00\",\"dateModified\":\"2017-04-20T08:07:23+00:00\",\"breadcrumb\":{\"@id\":\"https:\/\/www.ccostat.fr\/index.php\/generation-dun-modele\/#breadcrumb\"},\"inLanguage\":\"fr-FR\",\"potentialAction\":[{\"@type\":\"ReadAction\",\"target\":[\"https:\/\/www.ccostat.fr\/index.php\/generation-dun-modele\/\"]}]},{\"@type\":\"BreadcrumbList\",\"@id\":\"https:\/\/www.ccostat.fr\/index.php\/generation-dun-modele\/#breadcrumb\",\"itemListElement\":[{\"@type\":\"ListItem\",\"position\":1,\"name\":\"Accueil\",\"item\":\"http:\/\/www.ccostat.fr\/\"},{\"@type\":\"ListItem\",\"position\":2,\"name\":\"G\\u00e9n\\u00e9ration d&rsquo;un mod\\u00e8le param\\u00e9trique :\"}]}]}<\/script>\n<!-- \/ Yoast SEO plugin. -->","yoast_head_json":{"title":"CCOStat","robots":{"index":"index","follow":"follow","max-snippet":"max-snippet:-1","max-image-preview":"max-image-preview:large","max-video-preview":"max-video-preview:-1"},"canonical":"https:\/\/www.ccostat.fr\/index.php\/generation-dun-modele\/","og_locale":"fr_FR","og_type":"article","og_title":"CCOStat","og_description":"Une formule multi-param\u00e8tres, de forme adapt\u00e9e \u00e0 chaque situation rencontr\u00e9e (fonction puissance ou multilin\u00e9aire) est g\u00e9n\u00e9r\u00e9e accompagn\u00e9e des indicateurs statistiques permettant de v\u00e9rifier la qualit\u00e9 de la formule cr\u00e9\u00e9e (mod\u00e8le). Il est possible de d\u00e9sactiver temporairement un ou plusieurs param\u00e8tres, &hellip; Continuer la lecture &rarr;","og_url":"https:\/\/www.ccostat.fr\/index.php\/generation-dun-modele\/","og_site_name":"CCOStat","article_modified_time":"2017-04-20T08:07:23+00:00","og_image":[{"width":489,"height":173,"url":"http:\/\/www.ccostat.fr\/wp-content\/uploads\/2017\/02\/Capture-1.png","path":"\/home\/itsbs\/ccostat\/wp-content\/uploads\/2017\/02\/Capture-1.png","size":"full","id":79,"alt":"","pixels":84597,"type":"image\/png"}],"twitter_card":"summary","schema":{"@context":"https:\/\/schema.org","@graph":[{"@type":"Organization","@id":"http:\/\/www.ccostat.fr\/#organization","name":"AXONE Industries","url":"http:\/\/www.ccostat.fr\/","sameAs":[],"logo":{"@type":"ImageObject","@id":"http:\/\/www.ccostat.fr\/#logo","inLanguage":"fr-FR","url":"http:\/\/www.ccostat.fr\/wp-content\/uploads\/2017\/03\/axone.png","contentUrl":"http:\/\/www.ccostat.fr\/wp-content\/uploads\/2017\/03\/axone.png","width":558,"height":390,"caption":"AXONE Industries"},"image":{"@id":"http:\/\/www.ccostat.fr\/#logo"}},{"@type":"WebSite","@id":"http:\/\/www.ccostat.fr\/#website","url":"http:\/\/www.ccostat.fr\/","name":"CCOStat","description":"Logiciel d&#039;estimation de co\u00fbts","publisher":{"@id":"http:\/\/www.ccostat.fr\/#organization"},"potentialAction":[{"@type":"SearchAction","target":{"@type":"EntryPoint","urlTemplate":"http:\/\/www.ccostat.fr\/?s={search_term_string}"},"query-input":"required name=search_term_string"}],"inLanguage":"fr-FR"},{"@type":"ImageObject","@id":"https:\/\/www.ccostat.fr\/index.php\/generation-dun-modele\/#primaryimage","inLanguage":"fr-FR","url":"https:\/\/www.ccostat.fr\/wp-content\/uploads\/2017\/02\/Capture-1.png","contentUrl":"https:\/\/www.ccostat.fr\/wp-content\/uploads\/2017\/02\/Capture-1.png","width":489,"height":173},{"@type":"WebPage","@id":"https:\/\/www.ccostat.fr\/index.php\/generation-dun-modele\/#webpage","url":"https:\/\/www.ccostat.fr\/index.php\/generation-dun-modele\/","name":"CCOStat","isPartOf":{"@id":"http:\/\/www.ccostat.fr\/#website"},"primaryImageOfPage":{"@id":"https:\/\/www.ccostat.fr\/index.php\/generation-dun-modele\/#primaryimage"},"datePublished":"2017-02-28T12:36:43+00:00","dateModified":"2017-04-20T08:07:23+00:00","breadcrumb":{"@id":"https:\/\/www.ccostat.fr\/index.php\/generation-dun-modele\/#breadcrumb"},"inLanguage":"fr-FR","potentialAction":[{"@type":"ReadAction","target":["https:\/\/www.ccostat.fr\/index.php\/generation-dun-modele\/"]}]},{"@type":"BreadcrumbList","@id":"https:\/\/www.ccostat.fr\/index.php\/generation-dun-modele\/#breadcrumb","itemListElement":[{"@type":"ListItem","position":1,"name":"Accueil","item":"http:\/\/www.ccostat.fr\/"},{"@type":"ListItem","position":2,"name":"G\u00e9n\u00e9ration d&rsquo;un mod\u00e8le param\u00e9trique :"}]}]}},"_links":{"self":[{"href":"https:\/\/www.ccostat.fr\/index.php\/wp-json\/wp\/v2\/pages\/58"}],"collection":[{"href":"https:\/\/www.ccostat.fr\/index.php\/wp-json\/wp\/v2\/pages"}],"about":[{"href":"https:\/\/www.ccostat.fr\/index.php\/wp-json\/wp\/v2\/types\/page"}],"author":[{"embeddable":true,"href":"https:\/\/www.ccostat.fr\/index.php\/wp-json\/wp\/v2\/users\/1"}],"replies":[{"embeddable":true,"href":"https:\/\/www.ccostat.fr\/index.php\/wp-json\/wp\/v2\/comments?post=58"}],"version-history":[{"count":12,"href":"https:\/\/www.ccostat.fr\/index.php\/wp-json\/wp\/v2\/pages\/58\/revisions"}],"predecessor-version":[{"id":176,"href":"https:\/\/www.ccostat.fr\/index.php\/wp-json\/wp\/v2\/pages\/58\/revisions\/176"}],"wp:featuredmedia":[{"embeddable":true,"href":"https:\/\/www.ccostat.fr\/index.php\/wp-json\/wp\/v2\/media\/79"}],"wp:attachment":[{"href":"https:\/\/www.ccostat.fr\/index.php\/wp-json\/wp\/v2\/media?parent=58"}],"curies":[{"name":"wp","href":"https:\/\/api.w.org\/{rel}","templated":true}]}}