{"id":60,"date":"2017-02-28T13:36:26","date_gmt":"2017-02-28T12:36:26","guid":{"rendered":"http:\/\/srv3:2184\/?page_id=60"},"modified":"2017-03-07T21:06:13","modified_gmt":"2017-03-07T20:06:13","slug":"estimation","status":"publish","type":"page","link":"http:\/\/www.ccostat.fr\/index.php\/estimation\/","title":{"rendered":"Estimation d&rsquo;un nouveau projet :"},"content":{"rendered":"<p><img loading=\"lazy\" class=\"alignright wp-image-103 size-full\" src=\"http:\/\/www.ccostat.fr\/wp-content\/uploads\/2017\/02\/Capture-3.png\" width=\"482\" height=\"495\" srcset=\"http:\/\/www.ccostat.fr\/wp-content\/uploads\/2017\/02\/Capture-3.png 482w, http:\/\/www.ccostat.fr\/wp-content\/uploads\/2017\/02\/Capture-3-292x300.png 292w\" sizes=\"(max-width: 482px) 100vw, 482px\" \/>Une fois le mod\u00e8le valid\u00e9, une estimation peut \u00eatre r\u00e9alis\u00e9e en saisissant les valeurs des param\u00e8tres pour un nouveau projet, l&rsquo;estimation est calcul\u00e9e et encadr\u00e9e : dans l&rsquo;exemple ci-contre, il y a 90% de chances que le co\u00fbt final du projet soit dans la fourchette [6.79, 6.94].<\/p>\n","protected":false},"excerpt":{"rendered":"<p>Une fois le mod\u00e8le valid\u00e9, une estimation peut \u00eatre r\u00e9alis\u00e9e en saisissant les valeurs des param\u00e8tres pour un nouveau projet, l&rsquo;estimation est calcul\u00e9e et encadr\u00e9e : dans l&rsquo;exemple ci-contre, il y a 90% de chances que le co\u00fbt final du &hellip; <a href=\"http:\/\/www.ccostat.fr\/index.php\/estimation\/\">Continuer la lecture <span class=\"meta-nav\">&rarr;<\/span><\/a><\/p>\n","protected":false},"author":1,"featured_media":0,"parent":0,"menu_order":0,"comment_status":"closed","ping_status":"closed","template":"","meta":[],"yoast_head":"<!-- This site is optimized with the Yoast SEO plugin v17.1 - https:\/\/yoast.com\/wordpress\/plugins\/seo\/ -->\n<title>CCOStat<\/title>\n<meta name=\"robots\" content=\"index, follow, max-snippet:-1, max-image-preview:large, max-video-preview:-1\" \/>\n<link rel=\"canonical\" href=\"http:\/\/www.ccostat.fr\/index.php\/estimation\/\" \/>\n<meta property=\"og:locale\" content=\"fr_FR\" \/>\n<meta property=\"og:type\" content=\"article\" \/>\n<meta property=\"og:title\" content=\"CCOStat\" \/>\n<meta property=\"og:description\" content=\"Une fois le mod\u00e8le valid\u00e9, une estimation peut \u00eatre r\u00e9alis\u00e9e en saisissant les valeurs des param\u00e8tres pour un nouveau projet, l&rsquo;estimation est calcul\u00e9e et encadr\u00e9e : dans l&rsquo;exemple ci-contre, il y a 90% de chances que le co\u00fbt final du &hellip; Continuer la lecture &rarr;\" \/>\n<meta property=\"og:url\" content=\"http:\/\/www.ccostat.fr\/index.php\/estimation\/\" \/>\n<meta property=\"og:site_name\" content=\"CCOStat\" \/>\n<meta property=\"article:modified_time\" content=\"2017-03-07T20:06:13+00:00\" \/>\n<meta property=\"og:image\" content=\"http:\/\/www.ccostat.fr\/wp-content\/uploads\/2017\/02\/Capture-3.png\" \/>\n<meta name=\"twitter:card\" content=\"summary\" \/>\n<script type=\"application\/ld+json\" class=\"yoast-schema-graph\">{\"@context\":\"https:\/\/schema.org\",\"@graph\":[{\"@type\":\"Organization\",\"@id\":\"http:\/\/www.ccostat.fr\/#organization\",\"name\":\"AXONE Industries\",\"url\":\"http:\/\/www.ccostat.fr\/\",\"sameAs\":[],\"logo\":{\"@type\":\"ImageObject\",\"@id\":\"http:\/\/www.ccostat.fr\/#logo\",\"inLanguage\":\"fr-FR\",\"url\":\"http:\/\/www.ccostat.fr\/wp-content\/uploads\/2017\/03\/axone.png\",\"contentUrl\":\"http:\/\/www.ccostat.fr\/wp-content\/uploads\/2017\/03\/axone.png\",\"width\":558,\"height\":390,\"caption\":\"AXONE Industries\"},\"image\":{\"@id\":\"http:\/\/www.ccostat.fr\/#logo\"}},{\"@type\":\"WebSite\",\"@id\":\"http:\/\/www.ccostat.fr\/#website\",\"url\":\"http:\/\/www.ccostat.fr\/\",\"name\":\"CCOStat\",\"description\":\"Logiciel d&#039;estimation de co\\u00fbts\",\"publisher\":{\"@id\":\"http:\/\/www.ccostat.fr\/#organization\"},\"potentialAction\":[{\"@type\":\"SearchAction\",\"target\":{\"@type\":\"EntryPoint\",\"urlTemplate\":\"http:\/\/www.ccostat.fr\/?s={search_term_string}\"},\"query-input\":\"required name=search_term_string\"}],\"inLanguage\":\"fr-FR\"},{\"@type\":\"ImageObject\",\"@id\":\"http:\/\/www.ccostat.fr\/index.php\/estimation\/#primaryimage\",\"inLanguage\":\"fr-FR\",\"url\":\"http:\/\/www.ccostat.fr\/wp-content\/uploads\/2017\/02\/Capture-3.png\",\"contentUrl\":\"http:\/\/www.ccostat.fr\/wp-content\/uploads\/2017\/02\/Capture-3.png\",\"width\":482,\"height\":495},{\"@type\":\"WebPage\",\"@id\":\"http:\/\/www.ccostat.fr\/index.php\/estimation\/#webpage\",\"url\":\"http:\/\/www.ccostat.fr\/index.php\/estimation\/\",\"name\":\"CCOStat\",\"isPartOf\":{\"@id\":\"http:\/\/www.ccostat.fr\/#website\"},\"primaryImageOfPage\":{\"@id\":\"http:\/\/www.ccostat.fr\/index.php\/estimation\/#primaryimage\"},\"datePublished\":\"2017-02-28T12:36:26+00:00\",\"dateModified\":\"2017-03-07T20:06:13+00:00\",\"breadcrumb\":{\"@id\":\"http:\/\/www.ccostat.fr\/index.php\/estimation\/#breadcrumb\"},\"inLanguage\":\"fr-FR\",\"potentialAction\":[{\"@type\":\"ReadAction\",\"target\":[\"http:\/\/www.ccostat.fr\/index.php\/estimation\/\"]}]},{\"@type\":\"BreadcrumbList\",\"@id\":\"http:\/\/www.ccostat.fr\/index.php\/estimation\/#breadcrumb\",\"itemListElement\":[{\"@type\":\"ListItem\",\"position\":1,\"name\":\"Accueil\",\"item\":\"http:\/\/www.ccostat.fr\/\"},{\"@type\":\"ListItem\",\"position\":2,\"name\":\"Estimation d&rsquo;un nouveau projet :\"}]}]}<\/script>\n<!-- \/ Yoast SEO plugin. -->","yoast_head_json":{"title":"CCOStat","robots":{"index":"index","follow":"follow","max-snippet":"max-snippet:-1","max-image-preview":"max-image-preview:large","max-video-preview":"max-video-preview:-1"},"canonical":"http:\/\/www.ccostat.fr\/index.php\/estimation\/","og_locale":"fr_FR","og_type":"article","og_title":"CCOStat","og_description":"Une fois le mod\u00e8le valid\u00e9, une estimation peut \u00eatre r\u00e9alis\u00e9e en saisissant les valeurs des param\u00e8tres pour un nouveau projet, l&rsquo;estimation est calcul\u00e9e et encadr\u00e9e : dans l&rsquo;exemple ci-contre, il y a 90% de chances que le co\u00fbt final du &hellip; Continuer la lecture &rarr;","og_url":"http:\/\/www.ccostat.fr\/index.php\/estimation\/","og_site_name":"CCOStat","article_modified_time":"2017-03-07T20:06:13+00:00","og_image":[{"url":"http:\/\/www.ccostat.fr\/wp-content\/uploads\/2017\/02\/Capture-3.png"}],"twitter_card":"summary","schema":{"@context":"https:\/\/schema.org","@graph":[{"@type":"Organization","@id":"http:\/\/www.ccostat.fr\/#organization","name":"AXONE Industries","url":"http:\/\/www.ccostat.fr\/","sameAs":[],"logo":{"@type":"ImageObject","@id":"http:\/\/www.ccostat.fr\/#logo","inLanguage":"fr-FR","url":"http:\/\/www.ccostat.fr\/wp-content\/uploads\/2017\/03\/axone.png","contentUrl":"http:\/\/www.ccostat.fr\/wp-content\/uploads\/2017\/03\/axone.png","width":558,"height":390,"caption":"AXONE Industries"},"image":{"@id":"http:\/\/www.ccostat.fr\/#logo"}},{"@type":"WebSite","@id":"http:\/\/www.ccostat.fr\/#website","url":"http:\/\/www.ccostat.fr\/","name":"CCOStat","description":"Logiciel d&#039;estimation de co\u00fbts","publisher":{"@id":"http:\/\/www.ccostat.fr\/#organization"},"potentialAction":[{"@type":"SearchAction","target":{"@type":"EntryPoint","urlTemplate":"http:\/\/www.ccostat.fr\/?s={search_term_string}"},"query-input":"required name=search_term_string"}],"inLanguage":"fr-FR"},{"@type":"ImageObject","@id":"http:\/\/www.ccostat.fr\/index.php\/estimation\/#primaryimage","inLanguage":"fr-FR","url":"http:\/\/www.ccostat.fr\/wp-content\/uploads\/2017\/02\/Capture-3.png","contentUrl":"http:\/\/www.ccostat.fr\/wp-content\/uploads\/2017\/02\/Capture-3.png","width":482,"height":495},{"@type":"WebPage","@id":"http:\/\/www.ccostat.fr\/index.php\/estimation\/#webpage","url":"http:\/\/www.ccostat.fr\/index.php\/estimation\/","name":"CCOStat","isPartOf":{"@id":"http:\/\/www.ccostat.fr\/#website"},"primaryImageOfPage":{"@id":"http:\/\/www.ccostat.fr\/index.php\/estimation\/#primaryimage"},"datePublished":"2017-02-28T12:36:26+00:00","dateModified":"2017-03-07T20:06:13+00:00","breadcrumb":{"@id":"http:\/\/www.ccostat.fr\/index.php\/estimation\/#breadcrumb"},"inLanguage":"fr-FR","potentialAction":[{"@type":"ReadAction","target":["http:\/\/www.ccostat.fr\/index.php\/estimation\/"]}]},{"@type":"BreadcrumbList","@id":"http:\/\/www.ccostat.fr\/index.php\/estimation\/#breadcrumb","itemListElement":[{"@type":"ListItem","position":1,"name":"Accueil","item":"http:\/\/www.ccostat.fr\/"},{"@type":"ListItem","position":2,"name":"Estimation d&rsquo;un nouveau projet :"}]}]}},"_links":{"self":[{"href":"http:\/\/www.ccostat.fr\/index.php\/wp-json\/wp\/v2\/pages\/60"}],"collection":[{"href":"http:\/\/www.ccostat.fr\/index.php\/wp-json\/wp\/v2\/pages"}],"about":[{"href":"http:\/\/www.ccostat.fr\/index.php\/wp-json\/wp\/v2\/types\/page"}],"author":[{"embeddable":true,"href":"http:\/\/www.ccostat.fr\/index.php\/wp-json\/wp\/v2\/users\/1"}],"replies":[{"embeddable":true,"href":"http:\/\/www.ccostat.fr\/index.php\/wp-json\/wp\/v2\/comments?post=60"}],"version-history":[{"count":8,"href":"http:\/\/www.ccostat.fr\/index.php\/wp-json\/wp\/v2\/pages\/60\/revisions"}],"predecessor-version":[{"id":166,"href":"http:\/\/www.ccostat.fr\/index.php\/wp-json\/wp\/v2\/pages\/60\/revisions\/166"}],"wp:attachment":[{"href":"http:\/\/www.ccostat.fr\/index.php\/wp-json\/wp\/v2\/media?parent=60"}],"curies":[{"name":"wp","href":"https:\/\/api.w.org\/{rel}","templated":true}]}}