{"id":23,"date":"2017-02-27T21:23:18","date_gmt":"2017-02-27T20:23:18","guid":{"rendered":"http:\/\/srv3:2184\/?page_id=23"},"modified":"2017-04-20T10:13:11","modified_gmt":"2017-04-20T08:13:11","slug":"recueil-des-donnees","status":"publish","type":"page","link":"http:\/\/www.ccostat.fr\/index.php\/recueil-des-donnees\/","title":{"rendered":"Recueil des donn\u00e9es :"},"content":{"rendered":"<p><img loading=\"lazy\" class=\"alignright wp-image-71 size-full\" src=\"http:\/\/www.ccostat.fr\/wp-content\/uploads\/2017\/02\/Capture.png\" width=\"508\" height=\"339\" srcset=\"http:\/\/www.ccostat.fr\/wp-content\/uploads\/2017\/02\/Capture.png 508w, http:\/\/www.ccostat.fr\/wp-content\/uploads\/2017\/02\/Capture-300x200.png 300w, http:\/\/www.ccostat.fr\/wp-content\/uploads\/2017\/02\/Capture-450x300.png 450w\" sizes=\"(max-width: 508px) 100vw, 508px\" \/>Le recueil des donn\u00e9es par l&rsquo;utilisateur est empirique : les param\u00e8tres sont choisis librement, leur pertinence est analys\u00e9e par une \u00e9tude de corr\u00e9lation. Les projets d&rsquo;une m\u00eame base de donn\u00e9es doivent appartenir \u00e0 une m\u00eame famille technologique. Les co\u00fbts doivent \u00eatre normalis\u00e9s en fonction des\u00a0param\u00e8tres pouvant induire une distorsion (inflation, diff\u00e9rences de monnaie&#8230;). Les param\u00e8tres techniques peuvent \u00eatre des grandeurs num\u00e9riques ou repr\u00e9senter une classe ordinale (classe de qualit\u00e9, type d&rsquo;op\u00e9ration&#8230;)<\/p>\n<p><strong>2\u00e8me \u00e9tape<\/strong> :\u00a0<a href=\"http:\/\/www.ccostat.fr\/index.php\/generation-dun-modele\/\">G\u00e9n\u00e9ration du mod\u00e8le param\u00e9trique<\/a><\/p>\n","protected":false},"excerpt":{"rendered":"<p>Le recueil des donn\u00e9es par l&rsquo;utilisateur est empirique : les param\u00e8tres sont choisis librement, leur pertinence est analys\u00e9e par une \u00e9tude de corr\u00e9lation. Les projets d&rsquo;une m\u00eame base de donn\u00e9es doivent appartenir \u00e0 une m\u00eame famille technologique. Les co\u00fbts doivent &hellip; <a href=\"http:\/\/www.ccostat.fr\/index.php\/recueil-des-donnees\/\">Continuer la lecture <span class=\"meta-nav\">&rarr;<\/span><\/a><\/p>\n","protected":false},"author":1,"featured_media":0,"parent":0,"menu_order":0,"comment_status":"closed","ping_status":"closed","template":"","meta":[],"yoast_head":"<!-- This site is optimized with the Yoast SEO plugin v17.1 - https:\/\/yoast.com\/wordpress\/plugins\/seo\/ -->\n<title>CCOStat<\/title>\n<meta name=\"robots\" content=\"index, follow, max-snippet:-1, max-image-preview:large, max-video-preview:-1\" \/>\n<link rel=\"canonical\" href=\"https:\/\/www.ccostat.fr\/index.php\/recueil-des-donnees\/\" \/>\n<meta property=\"og:locale\" content=\"fr_FR\" \/>\n<meta property=\"og:type\" content=\"article\" \/>\n<meta property=\"og:title\" content=\"CCOStat\" \/>\n<meta property=\"og:description\" content=\"Le recueil des donn\u00e9es par l&rsquo;utilisateur est empirique : les param\u00e8tres sont choisis librement, leur pertinence est analys\u00e9e par une \u00e9tude de corr\u00e9lation. Les projets d&rsquo;une m\u00eame base de donn\u00e9es doivent appartenir \u00e0 une m\u00eame famille technologique. Les co\u00fbts doivent &hellip; Continuer la lecture &rarr;\" \/>\n<meta property=\"og:url\" content=\"https:\/\/www.ccostat.fr\/index.php\/recueil-des-donnees\/\" \/>\n<meta property=\"og:site_name\" content=\"CCOStat\" \/>\n<meta property=\"article:modified_time\" content=\"2017-04-20T08:13:11+00:00\" \/>\n<meta property=\"og:image\" content=\"http:\/\/www.ccostat.fr\/wp-content\/uploads\/2017\/02\/Capture.png\" \/>\n<meta name=\"twitter:card\" content=\"summary\" \/>\n<script type=\"application\/ld+json\" class=\"yoast-schema-graph\">{\"@context\":\"https:\/\/schema.org\",\"@graph\":[{\"@type\":\"Organization\",\"@id\":\"http:\/\/www.ccostat.fr\/#organization\",\"name\":\"AXONE Industries\",\"url\":\"http:\/\/www.ccostat.fr\/\",\"sameAs\":[],\"logo\":{\"@type\":\"ImageObject\",\"@id\":\"http:\/\/www.ccostat.fr\/#logo\",\"inLanguage\":\"fr-FR\",\"url\":\"http:\/\/www.ccostat.fr\/wp-content\/uploads\/2017\/03\/axone.png\",\"contentUrl\":\"http:\/\/www.ccostat.fr\/wp-content\/uploads\/2017\/03\/axone.png\",\"width\":558,\"height\":390,\"caption\":\"AXONE Industries\"},\"image\":{\"@id\":\"http:\/\/www.ccostat.fr\/#logo\"}},{\"@type\":\"WebSite\",\"@id\":\"http:\/\/www.ccostat.fr\/#website\",\"url\":\"http:\/\/www.ccostat.fr\/\",\"name\":\"CCOStat\",\"description\":\"Logiciel d&#039;estimation de co\\u00fbts\",\"publisher\":{\"@id\":\"http:\/\/www.ccostat.fr\/#organization\"},\"potentialAction\":[{\"@type\":\"SearchAction\",\"target\":{\"@type\":\"EntryPoint\",\"urlTemplate\":\"http:\/\/www.ccostat.fr\/?s={search_term_string}\"},\"query-input\":\"required name=search_term_string\"}],\"inLanguage\":\"fr-FR\"},{\"@type\":\"ImageObject\",\"@id\":\"https:\/\/www.ccostat.fr\/index.php\/recueil-des-donnees\/#primaryimage\",\"inLanguage\":\"fr-FR\",\"url\":\"http:\/\/www.ccostat.fr\/wp-content\/uploads\/2017\/02\/Capture.png\",\"contentUrl\":\"http:\/\/www.ccostat.fr\/wp-content\/uploads\/2017\/02\/Capture.png\",\"width\":508,\"height\":339},{\"@type\":\"WebPage\",\"@id\":\"https:\/\/www.ccostat.fr\/index.php\/recueil-des-donnees\/#webpage\",\"url\":\"https:\/\/www.ccostat.fr\/index.php\/recueil-des-donnees\/\",\"name\":\"CCOStat\",\"isPartOf\":{\"@id\":\"http:\/\/www.ccostat.fr\/#website\"},\"primaryImageOfPage\":{\"@id\":\"https:\/\/www.ccostat.fr\/index.php\/recueil-des-donnees\/#primaryimage\"},\"datePublished\":\"2017-02-27T20:23:18+00:00\",\"dateModified\":\"2017-04-20T08:13:11+00:00\",\"breadcrumb\":{\"@id\":\"https:\/\/www.ccostat.fr\/index.php\/recueil-des-donnees\/#breadcrumb\"},\"inLanguage\":\"fr-FR\",\"potentialAction\":[{\"@type\":\"ReadAction\",\"target\":[\"https:\/\/www.ccostat.fr\/index.php\/recueil-des-donnees\/\"]}]},{\"@type\":\"BreadcrumbList\",\"@id\":\"https:\/\/www.ccostat.fr\/index.php\/recueil-des-donnees\/#breadcrumb\",\"itemListElement\":[{\"@type\":\"ListItem\",\"position\":1,\"name\":\"Accueil\",\"item\":\"http:\/\/www.ccostat.fr\/\"},{\"@type\":\"ListItem\",\"position\":2,\"name\":\"Recueil des donn\\u00e9es :\"}]}]}<\/script>\n<!-- \/ Yoast SEO plugin. -->","yoast_head_json":{"title":"CCOStat","robots":{"index":"index","follow":"follow","max-snippet":"max-snippet:-1","max-image-preview":"max-image-preview:large","max-video-preview":"max-video-preview:-1"},"canonical":"https:\/\/www.ccostat.fr\/index.php\/recueil-des-donnees\/","og_locale":"fr_FR","og_type":"article","og_title":"CCOStat","og_description":"Le recueil des donn\u00e9es par l&rsquo;utilisateur est empirique : les param\u00e8tres sont choisis librement, leur pertinence est analys\u00e9e par une \u00e9tude de corr\u00e9lation. Les projets d&rsquo;une m\u00eame base de donn\u00e9es doivent appartenir \u00e0 une m\u00eame famille technologique. Les co\u00fbts doivent &hellip; Continuer la lecture &rarr;","og_url":"https:\/\/www.ccostat.fr\/index.php\/recueil-des-donnees\/","og_site_name":"CCOStat","article_modified_time":"2017-04-20T08:13:11+00:00","og_image":[{"url":"http:\/\/www.ccostat.fr\/wp-content\/uploads\/2017\/02\/Capture.png"}],"twitter_card":"summary","schema":{"@context":"https:\/\/schema.org","@graph":[{"@type":"Organization","@id":"http:\/\/www.ccostat.fr\/#organization","name":"AXONE Industries","url":"http:\/\/www.ccostat.fr\/","sameAs":[],"logo":{"@type":"ImageObject","@id":"http:\/\/www.ccostat.fr\/#logo","inLanguage":"fr-FR","url":"http:\/\/www.ccostat.fr\/wp-content\/uploads\/2017\/03\/axone.png","contentUrl":"http:\/\/www.ccostat.fr\/wp-content\/uploads\/2017\/03\/axone.png","width":558,"height":390,"caption":"AXONE Industries"},"image":{"@id":"http:\/\/www.ccostat.fr\/#logo"}},{"@type":"WebSite","@id":"http:\/\/www.ccostat.fr\/#website","url":"http:\/\/www.ccostat.fr\/","name":"CCOStat","description":"Logiciel d&#039;estimation de co\u00fbts","publisher":{"@id":"http:\/\/www.ccostat.fr\/#organization"},"potentialAction":[{"@type":"SearchAction","target":{"@type":"EntryPoint","urlTemplate":"http:\/\/www.ccostat.fr\/?s={search_term_string}"},"query-input":"required name=search_term_string"}],"inLanguage":"fr-FR"},{"@type":"ImageObject","@id":"https:\/\/www.ccostat.fr\/index.php\/recueil-des-donnees\/#primaryimage","inLanguage":"fr-FR","url":"http:\/\/www.ccostat.fr\/wp-content\/uploads\/2017\/02\/Capture.png","contentUrl":"http:\/\/www.ccostat.fr\/wp-content\/uploads\/2017\/02\/Capture.png","width":508,"height":339},{"@type":"WebPage","@id":"https:\/\/www.ccostat.fr\/index.php\/recueil-des-donnees\/#webpage","url":"https:\/\/www.ccostat.fr\/index.php\/recueil-des-donnees\/","name":"CCOStat","isPartOf":{"@id":"http:\/\/www.ccostat.fr\/#website"},"primaryImageOfPage":{"@id":"https:\/\/www.ccostat.fr\/index.php\/recueil-des-donnees\/#primaryimage"},"datePublished":"2017-02-27T20:23:18+00:00","dateModified":"2017-04-20T08:13:11+00:00","breadcrumb":{"@id":"https:\/\/www.ccostat.fr\/index.php\/recueil-des-donnees\/#breadcrumb"},"inLanguage":"fr-FR","potentialAction":[{"@type":"ReadAction","target":["https:\/\/www.ccostat.fr\/index.php\/recueil-des-donnees\/"]}]},{"@type":"BreadcrumbList","@id":"https:\/\/www.ccostat.fr\/index.php\/recueil-des-donnees\/#breadcrumb","itemListElement":[{"@type":"ListItem","position":1,"name":"Accueil","item":"http:\/\/www.ccostat.fr\/"},{"@type":"ListItem","position":2,"name":"Recueil des donn\u00e9es :"}]}]}},"_links":{"self":[{"href":"http:\/\/www.ccostat.fr\/index.php\/wp-json\/wp\/v2\/pages\/23"}],"collection":[{"href":"http:\/\/www.ccostat.fr\/index.php\/wp-json\/wp\/v2\/pages"}],"about":[{"href":"http:\/\/www.ccostat.fr\/index.php\/wp-json\/wp\/v2\/types\/page"}],"author":[{"embeddable":true,"href":"http:\/\/www.ccostat.fr\/index.php\/wp-json\/wp\/v2\/users\/1"}],"replies":[{"embeddable":true,"href":"http:\/\/www.ccostat.fr\/index.php\/wp-json\/wp\/v2\/comments?post=23"}],"version-history":[{"count":15,"href":"http:\/\/www.ccostat.fr\/index.php\/wp-json\/wp\/v2\/pages\/23\/revisions"}],"predecessor-version":[{"id":179,"href":"http:\/\/www.ccostat.fr\/index.php\/wp-json\/wp\/v2\/pages\/23\/revisions\/179"}],"wp:attachment":[{"href":"http:\/\/www.ccostat.fr\/index.php\/wp-json\/wp\/v2\/media?parent=23"}],"curies":[{"name":"wp","href":"https:\/\/api.w.org\/{rel}","templated":true}]}}